{"id":132,"date":"2024-06-23T22:59:12","date_gmt":"2024-06-23T22:59:12","guid":{"rendered":"https:\/\/ilomas.org.ar\/codililz\/?page_id=132"},"modified":"2024-08-14T19:43:11","modified_gmt":"2024-08-14T16:43:11","slug":"solicita-un-taller-de-formacion-en-tu-comunidad","status":"publish","type":"page","link":"https:\/\/ilomas.org.ar\/codililz\/solicita-un-taller-de-formacion-en-tu-comunidad\/","title":{"rendered":"Solicita un taller de formaci\u00f3n en tu comunidad"},"content":{"rendered":"\t\t<div data-elementor-type=\"wp-page\" data-elementor-id=\"132\" class=\"elementor elementor-132\">\n\t\t\t\t<div class=\"elementor-element elementor-element-236487cc e-flex e-con-boxed e-con e-parent\" data-id=\"236487cc\" data-element_type=\"container\" data-e-type=\"container\" data-settings=\"{&quot;background_background&quot;:&quot;classic&quot;}\">\n\t\t\t\t\t<div class=\"e-con-inner\">\n\t\t<div class=\"elementor-element elementor-element-77598298 e-con-full e-flex e-con e-child\" data-id=\"77598298\" data-element_type=\"container\" data-e-type=\"container\">\n\t\t\t\t<div class=\"elementor-element elementor-element-5c2432e elementor-widget__width-initial elementor-invisible elementor-widget elementor-widget-heading\" data-id=\"5c2432e\" data-element_type=\"widget\" data-e-type=\"widget\" data-settings=\"{&quot;_animation&quot;:&quot;fadeIn&quot;,&quot;_animation_delay&quot;:&quot;200&quot;}\" data-widget_type=\"heading.default\">\n\t\t\t\t<div class=\"elementor-widget-container\">\n\t\t\t\t\t<h1 class=\"elementor-heading-title elementor-size-default\">Solicitud de Taller de Formaci\u00f3n en tu comunidad<\/h1>\t\t\t\t<\/div>\n\t\t\t\t<\/div>\n\t\t\t\t<\/div>\n\t\t<div class=\"elementor-element elementor-element-3f8654ef e-con-full e-flex e-con e-child\" data-id=\"3f8654ef\" data-element_type=\"container\" data-e-type=\"container\">\n\t\t\t\t<div class=\"elementor-element elementor-element-486d7fb4 elementor-widget__width-initial elementor-absolute elementor-hidden-tablet elementor-hidden-mobile elementor-widget elementor-widget-heading\" data-id=\"486d7fb4\" data-element_type=\"widget\" data-e-type=\"widget\" data-settings=\"{&quot;_position&quot;:&quot;absolute&quot;}\" data-widget_type=\"heading.default\">\n\t\t\t\t<div class=\"elementor-widget-container\">\n\t\t\t\t\t<h2 class=\"elementor-heading-title elementor-size-default\">Catedral Bas\u00edlica Nuestra Se\u00f1ora de la Paz, Lomas de Zamora - 1865<\/h2>\t\t\t\t<\/div>\n\t\t\t\t<\/div>\n\t\t\t\t<\/div>\n\t\t\t\t\t<\/div>\n\t\t\t\t<\/div>\n\t\t<div class=\"elementor-element elementor-element-35a79eda e-flex e-con-boxed e-con e-parent\" data-id=\"35a79eda\" data-element_type=\"container\" data-e-type=\"container\" data-settings=\"{&quot;background_background&quot;:&quot;classic&quot;}\">\n\t\t\t\t\t<div class=\"e-con-inner\">\n\t\t<div class=\"elementor-element elementor-element-514d25b7 e-con-full e-flex elementor-invisible e-con e-child\" data-id=\"514d25b7\" data-element_type=\"container\" data-e-type=\"container\" data-settings=\"{&quot;animation&quot;:&quot;fadeInUp&quot;,&quot;animation_delay&quot;:&quot;200&quot;}\">\n\t\t\t\t<div class=\"elementor-element elementor-element-288d184b elementor-widget elementor-widget-heading\" data-id=\"288d184b\" data-element_type=\"widget\" data-e-type=\"widget\" data-widget_type=\"heading.default\">\n\t\t\t\t<div class=\"elementor-widget-container\">\n\t\t\t\t\t<h2 class=\"elementor-heading-title elementor-size-default\">Solicitud de Taller de Formaci\u00f3n en tu comunidad<\/h2>\t\t\t\t<\/div>\n\t\t\t\t<\/div>\n\t\t\t\t<div class=\"elementor-element elementor-element-9c7cf08 elementor-widget elementor-widget-heading\" data-id=\"9c7cf08\" data-element_type=\"widget\" data-e-type=\"widget\" data-widget_type=\"heading.default\">\n\t\t\t\t<div class=\"elementor-widget-container\">\n\t\t\t\t\t<p class=\"elementor-heading-title elementor-size-default\">En la Di\u00f3cesis de Lomas de Zamora, reconocemos la importancia de la formaci\u00f3n continua para fortalecer la vida de fe y el servicio pastoral de nuestras comunidades. Los talleres de formaci\u00f3n son una herramienta fundamental para capacitar a nuestros agentes pastorales y fieles en diversos aspectos de la vida lit\u00fargica, musical y art\u00edstica de la Iglesia. A trav\u00e9s de estos talleres, buscamos enriquecer nuestra vivencia comunitaria, promover una participaci\u00f3n m\u00e1s activa y consciente en la liturgia y fomentar la belleza en nuestras celebraciones.\n<\/p>\t\t\t\t<\/div>\n\t\t\t\t<\/div>\n\t\t\t\t<\/div>\n\t\t\t\t\t<\/div>\n\t\t\t\t<\/div>\n\t\t<div class=\"elementor-element elementor-element-221d8998 e-flex e-con-boxed e-con e-parent\" data-id=\"221d8998\" data-element_type=\"container\" data-e-type=\"container\" data-settings=\"{&quot;background_background&quot;:&quot;classic&quot;}\">\n\t\t\t\t\t<div class=\"e-con-inner\">\n\t\t<div class=\"elementor-element elementor-element-6a7f0ca9 e-con-full e-flex e-con e-child\" data-id=\"6a7f0ca9\" data-element_type=\"container\" data-e-type=\"container\">\n\t\t<div class=\"elementor-element elementor-element-79661de e-con-full e-flex elementor-invisible e-con e-child\" data-id=\"79661de\" data-element_type=\"container\" data-e-type=\"container\" data-settings=\"{&quot;animation&quot;:&quot;fadeIn&quot;,&quot;animation_delay&quot;:&quot;200&quot;}\">\n\t\t\t\t<div class=\"elementor-element elementor-element-32f00e4e elementor-widget elementor-widget-heading\" data-id=\"32f00e4e\" data-element_type=\"widget\" data-e-type=\"widget\" data-widget_type=\"heading.default\">\n\t\t\t\t<div class=\"elementor-widget-container\">\n\t\t\t\t\t<h2 class=\"elementor-heading-title elementor-size-default\">Solicita un Taller de Formaci\u00f3n en tu Comunidad<\/h2>\t\t\t\t<\/div>\n\t\t\t\t<\/div>\n\t\t\t\t<div class=\"elementor-element elementor-element-725b9247 elementor-widget elementor-widget-heading\" data-id=\"725b9247\" data-element_type=\"widget\" data-e-type=\"widget\" data-widget_type=\"heading.default\">\n\t\t\t\t<div class=\"elementor-widget-container\">\n\t\t\t\t\t<p class=\"elementor-heading-title elementor-size-default\">Nuestros talleres de formaci\u00f3n est\u00e1n dise\u00f1ados para responder a las necesidades espec\u00edficas de las comunidades parroquiales, brindando herramientas y conocimientos que fortalecen la fe y el servicio pastoral. Ofrecemos una variedad de talleres en liturgia, m\u00fasica sacra y arte sacro, todos ellos fundamentados en la ense\u00f1anza de la Iglesia y adaptados a las realidades locales. Estos talleres no solo capacitan a los participantes, sino que tambi\u00e9n fomentan un sentido de comunidad y colaboraci\u00f3n entre los miembros de la parroquia.\n<\/p>\t\t\t\t<\/div>\n\t\t\t\t<\/div>\n\t\t\t\t<\/div>\n\t\t<div class=\"elementor-element elementor-element-7f5ead39 e-con-full e-flex elementor-invisible e-con e-child\" data-id=\"7f5ead39\" data-element_type=\"container\" data-e-type=\"container\" data-settings=\"{&quot;animation&quot;:&quot;fadeIn&quot;,&quot;animation_delay&quot;:&quot;400&quot;}\">\n\t\t<div class=\"elementor-element elementor-element-5f8fdab6 e-con-full e-flex e-con e-child\" data-id=\"5f8fdab6\" data-element_type=\"container\" data-e-type=\"container\" data-settings=\"{&quot;background_background&quot;:&quot;classic&quot;}\">\n\t\t\t\t<\/div>\n\t\t<div class=\"elementor-element elementor-element-4d79dc10 e-con-full e-flex e-con e-child\" data-id=\"4d79dc10\" data-element_type=\"container\" data-e-type=\"container\" data-settings=\"{&quot;background_background&quot;:&quot;classic&quot;}\">\n\t\t\t\t<\/div>\n\t\t\t\t<\/div>\n\t\t<div class=\"elementor-element elementor-element-12926c0e e-con-full e-flex elementor-invisible e-con e-child\" data-id=\"12926c0e\" data-element_type=\"container\" data-e-type=\"container\" data-settings=\"{&quot;background_background&quot;:&quot;classic&quot;,&quot;animation&quot;:&quot;fadeIn&quot;,&quot;animation_delay&quot;:&quot;600&quot;}\">\n\t\t\t\t<div class=\"elementor-element elementor-element-120c6a86 elementor-widget elementor-widget-heading\" data-id=\"120c6a86\" data-element_type=\"widget\" data-e-type=\"widget\" data-widget_type=\"heading.default\">\n\t\t\t\t<div class=\"elementor-widget-container\">\n\t\t\t\t\t<h1 class=\"elementor-heading-title elementor-size-default\">codilildz@gmail.com<\/h1>\t\t\t\t<\/div>\n\t\t\t\t<\/div>\n\t\t\t\t<\/div>\n\t\t\t\t<\/div>\n\t\t<div class=\"elementor-element elementor-element-5fcf6ea7 e-con-full e-flex elementor-invisible e-con e-child\" data-id=\"5fcf6ea7\" data-element_type=\"container\" data-e-type=\"container\" data-settings=\"{&quot;animation&quot;:&quot;fadeIn&quot;,&quot;animation_delay&quot;:&quot;400&quot;}\">\n\t\t<div class=\"elementor-element elementor-element-6c57731f e-con-full e-flex e-con e-child\" data-id=\"6c57731f\" data-element_type=\"container\" data-e-type=\"container\" data-settings=\"{&quot;background_background&quot;:&quot;classic&quot;}\">\n\t\t\t\t<div class=\"elementor-element elementor-element-1ea21001 elementor-widget elementor-widget-heading\" data-id=\"1ea21001\" data-element_type=\"widget\" data-e-type=\"widget\" data-widget_type=\"heading.default\">\n\t\t\t\t<div class=\"elementor-widget-container\">\n\t\t\t\t\t<h3 class=\"elementor-heading-title elementor-size-default\">Formulario de Solicitud:<\/h3>\t\t\t\t<\/div>\n\t\t\t\t<\/div>\n\t\t\t\t<div class=\"elementor-element elementor-element-46ff1aae elementor-widget elementor-widget-heading\" data-id=\"46ff1aae\" data-element_type=\"widget\" data-e-type=\"widget\" data-widget_type=\"heading.default\">\n\t\t\t\t<div class=\"elementor-widget-container\">\n\t\t\t\t\t<p class=\"elementor-heading-title elementor-size-default\">Al completar y enviar este formulario, nos comprometemos a ponernos en contacto contigo lo antes posible para coordinar los detalles del taller solicitado y asegurar que responda a las necesidades espec\u00edficas de tu comunidad.<\/p>\t\t\t\t<\/div>\n\t\t\t\t<\/div>\n\t\t\t\t<div class=\"elementor-element elementor-element-1297e9a6 xpro-form-btn--left elementor-widget elementor-widget-wpforms\" data-id=\"1297e9a6\" data-element_type=\"widget\" data-e-type=\"widget\" data-widget_type=\"wpforms.default\">\n\t\t\t\t<div class=\"elementor-widget-container\">\n\t\t\t\t\t<style id=\"wpforms-css-vars-770\">\n\t\t\t\t#wpforms-770 {\n\t\t\t\t\n\t\t\t}\n\t\t\t<\/style><div class=\"wpforms-container wpforms-container-full wpforms-render-modern\" id=\"wpforms-770\"><form id=\"wpforms-form-770\" class=\"wpforms-validate wpforms-form wpforms-ajax-form\" data-formid=\"770\" method=\"post\" enctype=\"multipart\/form-data\" action=\"\/codililz\/wp-json\/wp\/v2\/pages\/132\" data-token=\"2a305b259465f2dde07bd95c15b48862\" data-token-time=\"1776239375\"><noscript class=\"wpforms-error-noscript\">Por favor, activa JavaScript en tu navegador para completar este formulario.<\/noscript><div id=\"wpforms-error-noscript\" style=\"display: none;\">Por favor, activa JavaScript en tu navegador para completar este formulario.<\/div><div class=\"wpforms-field-container\"><div id=\"wpforms-770-field_3-container\" class=\"wpforms-field wpforms-field-text\" data-field-id=\"3\"><label class=\"wpforms-field-label\" for=\"wpforms-770-field_3\">Nombre de la comunidad<\/label><input type=\"text\" id=\"wpforms-770-field_3\" class=\"wpforms-field-large\" name=\"wpforms[fields][3]\" aria-errormessage=\"wpforms-770-field_3-error\" aria-describedby=\"wpforms-770-field_3-description\" ><div id=\"wpforms-770-field_3-description\" class=\"wpforms-field-description\">Comunidad parroquial que solicita el taller<\/div><\/div><div id=\"wpforms-770-field_0-container\" class=\"wpforms-field wpforms-field-name\" data-field-id=\"0\"><fieldset><legend class=\"wpforms-field-label\">Contacto principal <span class=\"wpforms-required-label\" aria-hidden=\"true\">*<\/span><\/legend><div class=\"wpforms-field-row wpforms-field-large\"><div class=\"wpforms-field-row-block wpforms-first wpforms-one-half\"><input type=\"text\" id=\"wpforms-770-field_0\" class=\"wpforms-field-name-first wpforms-field-required\" name=\"wpforms[fields][0][first]\" aria-errormessage=\"wpforms-770-field_0-error\" aria-describedby=\"wpforms-770-field_0-description\" required><label for=\"wpforms-770-field_0\" class=\"wpforms-field-sublabel after\">Nombre<\/label><\/div><div class=\"wpforms-field-row-block wpforms-one-half\"><input type=\"text\" id=\"wpforms-770-field_0-last\" class=\"wpforms-field-name-last wpforms-field-required\" name=\"wpforms[fields][0][last]\" aria-errormessage=\"wpforms-770-field_0-last-error\" aria-describedby=\"wpforms-770-field_0-description\" required><label for=\"wpforms-770-field_0-last\" class=\"wpforms-field-sublabel after\">Apellidos<\/label><\/div><\/div><div id=\"wpforms-770-field_0-description\" class=\"wpforms-field-description\">Informaci\u00f3n de la persona responsable de coordinar el taller dentro de la comunidad.<\/div><\/fieldset><\/div><div id=\"wpforms-770-field_5-container\" class=\"wpforms-field wpforms-field-select wpforms-field-select-style-classic\" data-field-id=\"5\"><label class=\"wpforms-field-label\" for=\"wpforms-770-field_5\">Solicitud de taller o curso \/ otros asuntos<\/label><select id=\"wpforms-770-field_5\" class=\"wpforms-field-large\" name=\"wpforms[fields][5]\"><option value=\"Liturgia\"  selected='selected' class=\"choice-1 depth-1\"  >Liturgia<\/option><option value=\"M\u00fasica Sacra\"  class=\"choice-2 depth-1\"  >M\u00fasica Sacra<\/option><option value=\"Arte Sacro\"  class=\"choice-3 depth-1\"  >Arte Sacro<\/option><option value=\"Otros asuntos\"  class=\"choice-4 depth-1\"  >Otros asuntos<\/option><\/select><div id=\"wpforms-770-field_5-description\" class=\"wpforms-field-description\">Opci\u00f3n para seleccionar el \u00e1rea de formaci\u00f3n deseada<\/div><\/div><div id=\"wpforms-770-field_1-container\" class=\"wpforms-field wpforms-field-email\" data-field-id=\"1\"><label class=\"wpforms-field-label\" for=\"wpforms-770-field_1\">Correo electr\u00f3nico <span class=\"wpforms-required-label\" aria-hidden=\"true\">*<\/span><\/label><input type=\"email\" id=\"wpforms-770-field_1\" class=\"wpforms-field-large wpforms-field-required\" name=\"wpforms[fields][1]\" spellcheck=\"false\" aria-errormessage=\"wpforms-770-field_1-error\" required><\/div><div id=\"wpforms-770-field_2-container\" class=\"wpforms-field wpforms-field-textarea\" data-field-id=\"2\"><label class=\"wpforms-field-label\" for=\"wpforms-770-field_2\">Comentarios Adicionales<\/label><textarea id=\"wpforms-770-field_2\" class=\"wpforms-field-medium\" name=\"wpforms[fields][2]\" aria-errormessage=\"wpforms-770-field_2-error\" ><\/textarea><\/div><\/div><!-- .wpforms-field-container --><div class=\"wpforms-recaptcha-container wpforms-is-recaptcha wpforms-is-recaptcha-type-v3\" ><input type=\"hidden\" name=\"wpforms[recaptcha]\" value=\"\"><\/div><div class=\"wpforms-submit-container\" ><input type=\"hidden\" name=\"wpforms[id]\" value=\"770\"><input type=\"hidden\" name=\"page_title\" value=\"\"><input type=\"hidden\" name=\"page_url\" value=\"https:\/\/ilomas.org.ar\/codililz\/wp-json\/wp\/v2\/pages\/132\"><input type=\"hidden\" name=\"url_referer\" value=\"\"><button type=\"submit\" name=\"wpforms[submit]\" id=\"wpforms-submit-770\" class=\"wpforms-submit\" data-alt-text=\"Enviando...\" data-submit-text=\"Enviar Solicitud\" aria-live=\"assertive\" value=\"wpforms-submit\">Enviar Solicitud<\/button><img decoding=\"async\" src=\"https:\/\/ilomas.org.ar\/codililz\/wp-content\/plugins\/wpforms-lite\/assets\/images\/submit-spin.svg\" class=\"wpforms-submit-spinner\" style=\"display: none;\" width=\"26\" height=\"26\" alt=\"Cargando\"><\/div><\/form><\/div>  <!-- .wpforms-container -->\t\t\t\t<\/div>\n\t\t\t\t<\/div>\n\t\t\t\t<\/div>\n\t\t\t\t<\/div>\n\t\t\t\t\t<\/div>\n\t\t\t\t<\/div>\n\t\t<div class=\"elementor-element elementor-element-7dcf1dc9 e-flex e-con-boxed e-con e-parent\" data-id=\"7dcf1dc9\" data-element_type=\"container\" data-e-type=\"container\" data-settings=\"{&quot;background_background&quot;:&quot;classic&quot;}\">\n\t\t\t\t\t<div class=\"e-con-inner\">\n\t\t<div class=\"elementor-element elementor-element-6cc67d9e e-con-full e-flex e-con e-child\" data-id=\"6cc67d9e\" data-element_type=\"container\" data-e-type=\"container\" data-settings=\"{&quot;background_background&quot;:&quot;classic&quot;}\">\n\t\t<div class=\"elementor-element elementor-element-28ef5586 e-con-full e-flex e-con e-child\" data-id=\"28ef5586\" data-element_type=\"container\" data-e-type=\"container\">\n\t\t\t\t<div class=\"elementor-element elementor-element-20387315 elementor-invisible elementor-widget elementor-widget-heading\" data-id=\"20387315\" data-element_type=\"widget\" data-e-type=\"widget\" data-settings=\"{&quot;_animation&quot;:&quot;fadeIn&quot;,&quot;_animation_delay&quot;:&quot;200&quot;}\" data-widget_type=\"heading.default\">\n\t\t\t\t<div class=\"elementor-widget-container\">\n\t\t\t\t\t<h2 class=\"elementor-heading-title elementor-size-default\">Solicita un Taller de Formaci\u00f3n en tu Comunidad<\/h2>\t\t\t\t<\/div>\n\t\t\t\t<\/div>\n\t\t\t\t<div class=\"elementor-element elementor-element-2d054b55 elementor-tablet-align-center elementor-invisible elementor-widget elementor-widget-button\" data-id=\"2d054b55\" data-element_type=\"widget\" data-e-type=\"widget\" data-settings=\"{&quot;_animation&quot;:&quot;fadeInUp&quot;,&quot;_animation_delay&quot;:&quot;400&quot;}\" data-widget_type=\"button.default\">\n\t\t\t\t<div class=\"elementor-widget-container\">\n\t\t\t\t\t\t\t\t\t<div class=\"elementor-button-wrapper\">\n\t\t\t\t\t<a class=\"elementor-button elementor-button-link elementor-size-sm elementor-animation-shrink\" href=\"https:\/\/ilomas.org.ar\/\/solicita-un-taller-de-formacion-en-tu-comunidad\/\">\n\t\t\t\t\t\t<span class=\"elementor-button-content-wrapper\">\n\t\t\t\t\t\t\t\t\t<span class=\"elementor-button-text\">Contactanos<\/span>\n\t\t\t\t\t<\/span>\n\t\t\t\t\t<\/a>\n\t\t\t\t<\/div>\n\t\t\t\t\t\t\t\t<\/div>\n\t\t\t\t<\/div>\n\t\t\t\t<\/div>\n\t\t\t\t<\/div>\n\t\t\t\t\t<\/div>\n\t\t\t\t<\/div>\n\t\t\t\t<\/div>\n\t\t","protected":false},"excerpt":{"rendered":"<p>Solicitud de Taller de Formaci\u00f3n en tu comunidad Catedral Bas\u00edlica Nuestra Se\u00f1ora de la Paz, Lomas de Zamora &#8211; 1865 Solicitud de Taller de Formaci\u00f3n en tu comunidad En la Di\u00f3cesis de Lomas de Zamora, reconocemos la importancia de la formaci\u00f3n continua para fortalecer la vida de fe y el servicio pastoral de nuestras comunidades. [&hellip;]<\/p>\n","protected":false},"author":2,"featured_media":0,"parent":0,"menu_order":0,"comment_status":"closed","ping_status":"closed","template":"","meta":{"footnotes":""},"class_list":["post-132","page","type-page","status-publish","hentry"],"_links":{"self":[{"href":"https:\/\/ilomas.org.ar\/codililz\/wp-json\/wp\/v2\/pages\/132","targetHints":{"allow":["GET"]}}],"collection":[{"href":"https:\/\/ilomas.org.ar\/codililz\/wp-json\/wp\/v2\/pages"}],"about":[{"href":"https:\/\/ilomas.org.ar\/codililz\/wp-json\/wp\/v2\/types\/page"}],"author":[{"embeddable":true,"href":"https:\/\/ilomas.org.ar\/codililz\/wp-json\/wp\/v2\/users\/2"}],"replies":[{"embeddable":true,"href":"https:\/\/ilomas.org.ar\/codililz\/wp-json\/wp\/v2\/comments?post=132"}],"version-history":[{"count":88,"href":"https:\/\/ilomas.org.ar\/codililz\/wp-json\/wp\/v2\/pages\/132\/revisions"}],"predecessor-version":[{"id":3676,"href":"https:\/\/ilomas.org.ar\/codililz\/wp-json\/wp\/v2\/pages\/132\/revisions\/3676"}],"wp:attachment":[{"href":"https:\/\/ilomas.org.ar\/codililz\/wp-json\/wp\/v2\/media?parent=132"}],"curies":[{"name":"wp","href":"https:\/\/api.w.org\/{rel}","templated":true}]}}